{"id":281,"date":"2023-04-12T12:20:11","date_gmt":"2023-04-12T12:20:11","guid":{"rendered":"https:\/\/tyrolit-abrasivegrains.com\/?page_id=281"},"modified":"2025-11-03T08:37:52","modified_gmt":"2025-11-03T08:37:52","slug":"impressum","status":"publish","type":"page","link":"https:\/\/tyrolit-abrasivegrains.com\/it\/impressum\/","title":{"rendered":"Impronta"},"content":{"rendered":"<p>Die Firma Tyrolit AG freut sich \u00fcber Ihren Besuch auf dieser Website und Ihr Interesse an unseren Produkten. Sie werden eventuell um die Angabe pers\u00f6nlicher Informationen gebeten. Die Beantwortung dieser Fragen ist freiwillig. S\u00e4mtliche auf der Website der Tyrolit AG erhobenen pers\u00f6nlichen Daten werden ausschlie\u00dflich zu Ihrer individuellen Betreuung, der \u00dcbersendung von Produktinformationen oder der Unterbreitung von Serviceangeboten gespeichert und verarbeitet. Die Tyrolit AG sichert zu, da\u00df Ihre Angaben entsprechend den geltenden datenschutzrechtlichen Bestimmungen vertraulich behandelt.<\/p>\n\n\n\n<p><br><strong>Tutti i diritti riservati<br><\/strong>Text, Bilder, Grafiken, Sound, Animationen und Videos sowie deren Anordnung auf den Tyrolit Websites unterliegen dem Schutz des Urheberrechts und anderer Schutzgesetze. Der Inhalt dieser Websites darf nicht zu kommerziellen Zwecken kopiert, verbreitet, ver\u00e4ndert oder Dritten zug\u00e4nglich gemacht werden.<\/p>\n\n\n\n<p><strong>Marchi<br><\/strong>Soweit nicht anders angegeben, sind alle Markenzeichen auf den Tyrolit Websites markenrechtlich gesch\u00fctzt. Dies gilt insbesondere f\u00fcr Tyrolit Marken, Typenschilder, Firmenlogos und Embleme.<\/p>\n\n\n\n<p><strong>Declinazione di responsabilit\u00e0<br><\/strong>Diese Website wurde mit gr\u00f6\u00dftm\u00f6glicher Sorgfalt zusammengestellt. Trotzdem kann die\u00a0Tyrolit AG\u00a0f\u00fcr die Fehlerfreiheit und Genauigkeit der enthaltenen Informationen nicht garantieren. Die\u00a0Tyrolit AG schlie\u00dft jegliche Haftung f\u00fcr Sch\u00e4den, die direkt oder indirekt aus der Benutzung dieser Website entstehen, aus.<\/p>\n\n\n\n<p>Le nostre pagine web possono contenere link verso pagine web di terzi. Non ci assumiamo alcuna responsabilit\u00e0 in merito al contenuto e alle informazioni delle pagine a cui sono indirizzati i link riportati. Non possiamo pertanto garantire l'attualit\u00e0, la correttezza, la completezza e la qualit\u00e0 delle informazioni ivi contenute. Per questo motivo ci dissociamo espressamente dai contenuti di tali pagine. Questa dichiarazione \u00e8 valevole per tutti i link contenuti nelle nostre pagine web verso pagine web di terzi e i loro contenuti.<\/p>\n\n\n\n<p><strong>Nessuna licenza<br><\/strong>Die Tyrolit AG m\u00f6chte sich Ihnen mit einer innovativen und informativen Website pr\u00e4sentieren. Wir hoffen, da\u00df Sie ebenso wie wir von dieser Website begeistert sind. Das darin enthaltene geistige Eigentum wie Patente, Marken und Urheberrechte ist gesch\u00fctzt. Durch diese Website wird keine Lizenz zur Nutzung des geistigen Eigentums von Tyrolit oder Dritten erteilt.<\/p>\n\n\n\n<p><strong>Google\u00a0Analytics<br><\/strong>Questo sito web utilizza Google Analytics, un servizio di analisi web fornito da Google, Inc (\"Google\"). Google Analytics utilizza i cosiddetti \"cookie\", file di testo che vengono depositati sul vostro computer per consentire al sito web di analizzare come gli utenti utilizzano il sito. Le informazioni generate dal cookie sull'utilizzo del sito web da parte dell'utente vengono solitamente trasmesse a un server di Google negli Stati Uniti e l\u00ec memorizzate. Tuttavia, nel caso in cui su questo sito web sia attivata l'anonimizzazione dell'IP, il vostro indirizzo IP viene preventivamente troncato da Google all'interno degli Stati membri dell'Unione Europea o in altri Stati contraenti dell'Accordo sullo Spazio Economico Europeo. Solo in casi eccezionali l'indirizzo IP completo verr\u00e0 trasmesso a un server di Google negli USA e l\u00ec abbreviato. Su incarico del gestore di questo sito web, Google utilizzer\u00e0 queste informazioni per valutare l'utilizzo del sito web da parte dell'utente, per redigere rapporti sulle attivit\u00e0 del sito web e per fornire al gestore del sito web altri servizi relativi alle attivit\u00e0 del sito web e all'utilizzo di Internet. L'indirizzo IP trasmesso dal vostro browser nell'ambito di Google Analytics non verr\u00e0 unito ad altri dati di Google. Potete rifiutarvi di usare i cookie selezionando l'impostazione appropriata sul vostro browser, ma tenete presente che in tal caso potreste non essere in grado di utilizzare tutte le funzionalit\u00e0 di questo sito web. Potete inoltre impedire la raccolta dei dati generati dal cookie e relativi al vostro utilizzo del sito web (compreso il vostro indirizzo IP) da parte di Google e l'elaborazione di questi dati da parte di Google cliccando sul link sottostante (<a href=\"http:\/\/tools.google.com\/dlpage\/gaoptout?hl=de\" target=\"_blank\" rel=\"noreferrer noopener\">http:\/\/tools.google.com\/dlpage\/gaoptout?hl=de<\/a>) per scaricare e installare il plug-in del browser disponibile. Ulteriori informazioni sulle condizioni di utilizzo e sulla protezione dei dati sono disponibili all'indirizzo&nbsp;<a href=\"http:\/\/www.google.com\/analytics\/terms\/de.html\" target=\"_blank\" rel=\"noreferrer noopener\">http:\/\/www.google.com\/analytics\/terms\/de.html&nbsp;<\/a>o sotto<a href=\"http:\/\/www.google.com\/intl\/de\/analytics\/privacyoverview.html\" target=\"_blank\" rel=\"noreferrer noopener\">http:\/\/www.google.com\/intl\/de\/analytics\/privacyoverview.html<\/a>. Segnaliamo che su questo sito web Google Analytics \u00e8 stato ampliato con il codice \"gat._anonymizeIp();\" per garantire la raccolta anonima degli indirizzi IP (il cosiddetto mascheramento IP).<\/p>\n\n\n\n<p><strong>Informazioni ai sensi della legge austriaca sull'E-Business<\/strong><\/p>\n\n\n\n<p>Inhaber: Tyrolit AG<br>Indirizzo: Swarovskistrasse 33<br>6130 Schwaz<br>Austria<br>Telefono: +43 (0) 5242 \/ 606-0<br>Fax: +43 (0) 5242 \/ 63398<br>Firmenbuch-Nummer: FN 454561y<br>UID-Nr.: ATU71283513<br>Gerichtsstand: Landesgericht Innsbruck<br>Gruppo professionale: Industria della pietra e della ceramica<br>DVR-Nummer: 0003166<\/p>","protected":false},"excerpt":{"rendered":"<p>Die Firma Tyrolit AG freut sich \u00fcber Ihren Besuch auf dieser Website und Ihr Interesse an unseren Produkten. Sie werden eventuell um die Angabe pers\u00f6nlicher Informationen gebeten. Die Beantwortung dieser Fragen ist freiwillig. S\u00e4mtliche auf der Website der Tyrolit AG erhobenen pers\u00f6nlichen Daten werden ausschlie\u00dflich zu Ihrer individuellen Betreuung, der \u00dcbersendung von Produktinformationen oder der [&hellip;]<\/p>\n","protected":false},"author":1,"featured_media":0,"parent":0,"menu_order":0,"comment_status":"closed","ping_status":"closed","template":"","meta":{"footnotes":""},"class_list":["post-281","page","type-page","status-publish","hentry"],"blocksy_meta":[],"yoast_head":"<!-- This site is optimized with the Yoast SEO plugin v27.4 - https:\/\/yoast.com\/product\/yoast-seo-wordpress\/ -->\n<title>Impressum - Tyrolit Abrasive Grain<\/title>\n<meta name=\"robots\" content=\"index, follow, max-snippet:-1, max-image-preview:large, max-video-preview:-1\" \/>\n<link rel=\"canonical\" href=\"https:\/\/tyrolit-abrasivegrains.com\/it\/impressum\/\" \/>\n<meta property=\"og:locale\" content=\"it_IT\" \/>\n<meta property=\"og:type\" content=\"article\" \/>\n<meta property=\"og:title\" content=\"Impressum - Tyrolit Abrasive Grain\" \/>\n<meta property=\"og:description\" content=\"Die Firma Tyrolit AG freut sich \u00fcber Ihren Besuch auf dieser Website und Ihr Interesse an unseren Produkten. Sie werden eventuell um die Angabe pers\u00f6nlicher Informationen gebeten. Die Beantwortung dieser Fragen ist freiwillig. S\u00e4mtliche auf der Website der Tyrolit AG erhobenen pers\u00f6nlichen Daten werden ausschlie\u00dflich zu Ihrer individuellen Betreuung, der \u00dcbersendung von Produktinformationen oder der [&hellip;]\" \/>\n<meta property=\"og:url\" content=\"https:\/\/tyrolit-abrasivegrains.com\/it\/impressum\/\" \/>\n<meta property=\"og:site_name\" content=\"Tyrolit Abrasive Grain\" \/>\n<meta property=\"article:modified_time\" content=\"2025-11-03T08:37:52+00:00\" \/>\n<meta name=\"twitter:card\" content=\"summary_large_image\" \/>\n<meta name=\"twitter:label1\" content=\"Tempo di lettura stimato\" \/>\n\t<meta name=\"twitter:data1\" content=\"4 minuti\" \/>\n<script type=\"application\/ld+json\" class=\"yoast-schema-graph\">{\"@context\":\"https:\\\/\\\/schema.org\",\"@graph\":[{\"@type\":\"WebPage\",\"@id\":\"https:\\\/\\\/tyrolit-abrasivegrains.com\\\/impressum\\\/\",\"url\":\"https:\\\/\\\/tyrolit-abrasivegrains.com\\\/impressum\\\/\",\"name\":\"Impressum - Tyrolit Abrasive Grain\",\"isPartOf\":{\"@id\":\"https:\\\/\\\/tyrolit-abrasivegrains.com\\\/#website\"},\"datePublished\":\"2023-04-12T12:20:11+00:00\",\"dateModified\":\"2025-11-03T08:37:52+00:00\",\"breadcrumb\":{\"@id\":\"https:\\\/\\\/tyrolit-abrasivegrains.com\\\/impressum\\\/#breadcrumb\"},\"inLanguage\":\"it-IT\",\"potentialAction\":[{\"@type\":\"ReadAction\",\"target\":[\"https:\\\/\\\/tyrolit-abrasivegrains.com\\\/impressum\\\/\"]}]},{\"@type\":\"BreadcrumbList\",\"@id\":\"https:\\\/\\\/tyrolit-abrasivegrains.com\\\/impressum\\\/#breadcrumb\",\"itemListElement\":[{\"@type\":\"ListItem\",\"position\":1,\"name\":\"Startseite\",\"item\":\"https:\\\/\\\/tyrolit-abrasivegrains.com\\\/\"},{\"@type\":\"ListItem\",\"position\":2,\"name\":\"Impressum\"}]},{\"@type\":\"WebSite\",\"@id\":\"https:\\\/\\\/tyrolit-abrasivegrains.com\\\/#website\",\"url\":\"https:\\\/\\\/tyrolit-abrasivegrains.com\\\/\",\"name\":\"Tyrolit Abrasive Grain\",\"description\":\"\",\"publisher\":{\"@id\":\"https:\\\/\\\/tyrolit-abrasivegrains.com\\\/#organization\"},\"potentialAction\":[{\"@type\":\"SearchAction\",\"target\":{\"@type\":\"EntryPoint\",\"urlTemplate\":\"https:\\\/\\\/tyrolit-abrasivegrains.com\\\/?s={search_term_string}\"},\"query-input\":{\"@type\":\"PropertyValueSpecification\",\"valueRequired\":true,\"valueName\":\"search_term_string\"}}],\"inLanguage\":\"it-IT\"},{\"@type\":\"Organization\",\"@id\":\"https:\\\/\\\/tyrolit-abrasivegrains.com\\\/#organization\",\"name\":\"Tyrolit Abrasive Grain\",\"url\":\"https:\\\/\\\/tyrolit-abrasivegrains.com\\\/\",\"logo\":{\"@type\":\"ImageObject\",\"inLanguage\":\"it-IT\",\"@id\":\"https:\\\/\\\/tyrolit-abrasivegrains.com\\\/#\\\/schema\\\/logo\\\/image\\\/\",\"url\":\"https:\\\/\\\/tyrolit-abrasivegrains.com\\\/wp-content\\\/uploads\\\/2023\\\/03\\\/TYROLIT_LOGO_RGB.png\",\"contentUrl\":\"https:\\\/\\\/tyrolit-abrasivegrains.com\\\/wp-content\\\/uploads\\\/2023\\\/03\\\/TYROLIT_LOGO_RGB.png\",\"width\":450,\"height\":185,\"caption\":\"Tyrolit Abrasive Grain\"},\"image\":{\"@id\":\"https:\\\/\\\/tyrolit-abrasivegrains.com\\\/#\\\/schema\\\/logo\\\/image\\\/\"}}]}<\/script>\n<!-- \/ Yoast SEO plugin. -->","yoast_head_json":{"title":"Impressum - Tyrolit Abrasive Grain","robots":{"index":"index","follow":"follow","max-snippet":"max-snippet:-1","max-image-preview":"max-image-preview:large","max-video-preview":"max-video-preview:-1"},"canonical":"https:\/\/tyrolit-abrasivegrains.com\/it\/impressum\/","og_locale":"it_IT","og_type":"article","og_title":"Impressum - Tyrolit Abrasive Grain","og_description":"Die Firma Tyrolit AG freut sich \u00fcber Ihren Besuch auf dieser Website und Ihr Interesse an unseren Produkten. Sie werden eventuell um die Angabe pers\u00f6nlicher Informationen gebeten. Die Beantwortung dieser Fragen ist freiwillig. S\u00e4mtliche auf der Website der Tyrolit AG erhobenen pers\u00f6nlichen Daten werden ausschlie\u00dflich zu Ihrer individuellen Betreuung, der \u00dcbersendung von Produktinformationen oder der [&hellip;]","og_url":"https:\/\/tyrolit-abrasivegrains.com\/it\/impressum\/","og_site_name":"Tyrolit Abrasive Grain","article_modified_time":"2025-11-03T08:37:52+00:00","twitter_card":"summary_large_image","twitter_misc":{"Tempo di lettura stimato":"4 minuti"},"schema":{"@context":"https:\/\/schema.org","@graph":[{"@type":"WebPage","@id":"https:\/\/tyrolit-abrasivegrains.com\/impressum\/","url":"https:\/\/tyrolit-abrasivegrains.com\/impressum\/","name":"Impressum - Tyrolit Abrasive Grain","isPartOf":{"@id":"https:\/\/tyrolit-abrasivegrains.com\/#website"},"datePublished":"2023-04-12T12:20:11+00:00","dateModified":"2025-11-03T08:37:52+00:00","breadcrumb":{"@id":"https:\/\/tyrolit-abrasivegrains.com\/impressum\/#breadcrumb"},"inLanguage":"it-IT","potentialAction":[{"@type":"ReadAction","target":["https:\/\/tyrolit-abrasivegrains.com\/impressum\/"]}]},{"@type":"BreadcrumbList","@id":"https:\/\/tyrolit-abrasivegrains.com\/impressum\/#breadcrumb","itemListElement":[{"@type":"ListItem","position":1,"name":"Startseite","item":"https:\/\/tyrolit-abrasivegrains.com\/"},{"@type":"ListItem","position":2,"name":"Impressum"}]},{"@type":"WebSite","@id":"https:\/\/tyrolit-abrasivegrains.com\/#website","url":"https:\/\/tyrolit-abrasivegrains.com\/","name":"Tyrolit Abrasive Grain","description":"","publisher":{"@id":"https:\/\/tyrolit-abrasivegrains.com\/#organization"},"potentialAction":[{"@type":"SearchAction","target":{"@type":"EntryPoint","urlTemplate":"https:\/\/tyrolit-abrasivegrains.com\/?s={search_term_string}"},"query-input":{"@type":"PropertyValueSpecification","valueRequired":true,"valueName":"search_term_string"}}],"inLanguage":"it-IT"},{"@type":"Organization","@id":"https:\/\/tyrolit-abrasivegrains.com\/#organization","name":"Tyrolit Abrasive Grain","url":"https:\/\/tyrolit-abrasivegrains.com\/","logo":{"@type":"ImageObject","inLanguage":"it-IT","@id":"https:\/\/tyrolit-abrasivegrains.com\/#\/schema\/logo\/image\/","url":"https:\/\/tyrolit-abrasivegrains.com\/wp-content\/uploads\/2023\/03\/TYROLIT_LOGO_RGB.png","contentUrl":"https:\/\/tyrolit-abrasivegrains.com\/wp-content\/uploads\/2023\/03\/TYROLIT_LOGO_RGB.png","width":450,"height":185,"caption":"Tyrolit Abrasive Grain"},"image":{"@id":"https:\/\/tyrolit-abrasivegrains.com\/#\/schema\/logo\/image\/"}}]}},"_links":{"self":[{"href":"https:\/\/tyrolit-abrasivegrains.com\/it\/wp-json\/wp\/v2\/pages\/281","targetHints":{"allow":["GET"]}}],"collection":[{"href":"https:\/\/tyrolit-abrasivegrains.com\/it\/wp-json\/wp\/v2\/pages"}],"about":[{"href":"https:\/\/tyrolit-abrasivegrains.com\/it\/wp-json\/wp\/v2\/types\/page"}],"author":[{"embeddable":true,"href":"https:\/\/tyrolit-abrasivegrains.com\/it\/wp-json\/wp\/v2\/users\/1"}],"replies":[{"embeddable":true,"href":"https:\/\/tyrolit-abrasivegrains.com\/it\/wp-json\/wp\/v2\/comments?post=281"}],"version-history":[{"count":3,"href":"https:\/\/tyrolit-abrasivegrains.com\/it\/wp-json\/wp\/v2\/pages\/281\/revisions"}],"predecessor-version":[{"id":386,"href":"https:\/\/tyrolit-abrasivegrains.com\/it\/wp-json\/wp\/v2\/pages\/281\/revisions\/386"}],"wp:attachment":[{"href":"https:\/\/tyrolit-abrasivegrains.com\/it\/wp-json\/wp\/v2\/media?parent=281"}],"curies":[{"name":"wp","href":"https:\/\/api.w.org\/{rel}","templated":true}]}}