{"id":293,"date":"2023-04-12T13:47:46","date_gmt":"2023-04-12T13:47:46","guid":{"rendered":"https:\/\/tyrolit-abrasivegrains.com\/?page_id=293"},"modified":"2025-11-03T08:42:35","modified_gmt":"2025-11-03T08:42:35","slug":"terms-of-use","status":"publish","type":"page","link":"https:\/\/tyrolit-abrasivegrains.com\/en\/nutzungsbedingungen\/","title":{"rendered":"Terms of use"},"content":{"rendered":"<p>Der Zugang und die Nutzung dieser Website\u00a0www.tyrolit-abrasivegrains.com (&#8222;Seite&#8220;) ist Gegenstand der folgenden Bedingungen und des anwendbaren Rechts. Durch den Zugang zur Seite und Nutzen dieser Seite stimmen Sie diesen Bedingungen der Tyrolit AG, Swarovskistrasse 33, 6130 Schwaz (&#8222;Tyrolit&#8220;) uneingeschr\u00e4nkt und vorbehaltlos zu.<\/p>\n\n\n\n<ul class=\"wp-block-list\">\n<li>The information contained on this site may only be downloaded, distributed, reproduced or printed for non-commercial, personal use.<br><\/li>\n\n\n\n<li>Alle Angaben zu Urheberrechts- und anderen Eigent\u00fcmerrechten in Informationen, welche heruntergeladen werden, m\u00fcssen beibehalten und unver\u00e4ndert vervielf\u00e4ltigt werden. Es ist nicht erlaubt, den Inhalt der Seite ohne schriftliches Einverst\u00e4ndnis von Tyrolit zu verbreiten, zu ver\u00e4ndern, zu \u00fcbermitteln, wiederzuverwenden, zu senden oder f\u00fcr \u00f6ffentliche oder gewerbliche Zwecke zu verwenden. Dazu z\u00e4hlen Texte, Bilder, Ton und Videos. Es ist davon auszugehen, dass alles, was auf dieser Seite gesehen oder gelesen werden kann, au\u00dfer anderweitig bestimmt, mit einem Urheberrechtsvermerk versehen ist und nicht verwendet werden darf, au\u00dfer es ist ausdr\u00fccklich in diesen Bestimmungen oder im Text der Seite zugelassen. Tyrolit gibt weder Gew\u00e4hrleistung, Garantie noch Hinweise, dass verwendetes Material, welches auf der Seite (kostenlos) gezeigt wird, nicht gegen Rechte Dritter verst\u00f6\u00dft, die der Tyrolit Gruppe angeh\u00f6ren.<br><\/li>\n\n\n\n<li>Mit Ausnahme der vorangegangenen eingeschr\u00e4nkten Nutzungsbefugnis, wird von Tyrolit keine Lizenz und kein sonstiges (Urheber-)Recht an den auf der Seite abrufbaren Inhalten gew\u00e4hrt oder einger\u00e4umt.<br><\/li>\n\n\n\n<li>Die Tyrolit Seite kann gesch\u00fctzte Marken, Patente, Materialien, Technologien, Produkte, Prozesse oder andere immaterialg\u00fcterrechtlich gesch\u00fctzte Inhalte von Tyrolit und\/oder Dritten enthalten oder darauf verweisen. Weder eine Lizenz noch ein Recht hinsichtlich solcher gesch\u00fctzten Marken, Patenten, Materialien, Technologien, Produkten, Prozessen und anderen Immaterialg\u00fcterrechten von Tyrolit und\/oder anderen Parteien wird gew\u00e4hrt oder einger\u00e4umt. Dies gilt insbesondere f\u00fcr Tyrolit Marken, Typenschilder, Firmenlogos und Embleme.<br><\/li>\n\n\n\n<li>Obwohl Tyrolit angemessene und zumutbare Anstrengungen unternimmt, fehlerfreie und aktuelle Informationen auf der Seite wiederzugeben, \u00fcbernimmt Tyrolit keine Gew\u00e4hrleistung oder Haftung f\u00fcr den Inhalt der Seite, welcher kostenlos zur Verf\u00fcgung gestellt wird. Tyrolit \u00fcbernimmt keine Verantwortung oder Haftung, welche aus dem Gebrauch der Seite oder deren Inhalt abgeleitet oder irgendwie damit verkn\u00fcpft werden k\u00f6nnte. Insbesondere kann Tyrolit nicht haftbar gemacht werden f\u00fcr die Richtigkeit, Vollst\u00e4ndigkeit, Angemessenheit, Aktualit\u00e4t oder Verst\u00e4ndlichkeit der auf der Seite enthaltenen Informationen. Diese Bestimmung f\u00fchrt zu keiner Einschr\u00e4nkung etwaiger zwingender gesetzlicher Gew\u00e4hrleistungs- oder Haftungsanspr\u00fcche des Besuchers bzw. Nutzers der Seite. Tyrolit \u00fcbernimmt keine Verantwortung und kann nicht haftbar gemacht werden f\u00fcr Sch\u00e4den (inkl. Viren) der Computerausr\u00fcstung oder von anderem Eigentum, die mit dem Zugang oder dem Gebrauch der Seite zusammenh\u00e4ngen oder mit dem Download von Material, Daten, Texten, Bilder, Videos, oder Musik. Tyrolit beh\u00e4lt sich das Recht vor, die Funktionalit\u00e4t der Seite teilweise oder vollst\u00e4ndig zu \u00e4ndern, zu unterbrechen oder zu beenden. Tyrolit \u00fcbernimmt keine Verantwortung oder Haftung f\u00fcr jegliche Art von Unterbrechung oder Beendigung der Funktionalit\u00e4t der Seite, ob als Folge von Handlung oder Unterlassung einer dritten Partei.<br><\/li>\n\n\n\n<li>Jede Mitteilung oder jeglicher Inhalt, welcher auf die Seite mittels elektronischer Kommunikation oder anderweitig \u00fcbermittelt wird, einschlie\u00dflich Daten, Fragen, Kommentare, Vorschl\u00e4ge oder \u00e4hnliches, wird als nicht vertraulich behandelt. Alles was \u00fcbermittelt wird, ist Eigentum von Tyrolit und darf von der Unternehmensgruppe f\u00fcr jeglichen Zweck verwendet werden, einschlie\u00dflich aber nicht beschr\u00e4nkt auf Vervielf\u00e4ltigung, Ver\u00f6ffentlichung, \u00dcbermittlung, Bearbeitung und Versendung. Im \u00dcbrigen darf Tyrolit alle Ideen, Konzepte, das Knowhow oder die Technik, welche in jeglicher Art von Kommunikation enthalten sind, f\u00fcr jeglichen Zweck verwenden, einschlie\u00dflich aber nicht beschr\u00e4nkt auf Entwicklung, Herstellung und Produktmarketing.<br><\/li>\n\n\n\n<li>Die Information auf der Seite kann technische Ungenauigkeiten oder typographische Fehler enthalten. Tyrolit beh\u00e4lt sich das Recht vor, zu irgend einem Zeitpunkt ohne Ank\u00fcndigung, Ver\u00e4nderungen, Korrekturen und\/oder Verbesserungen zu machen betreffend Informationen, Produkte und Programme, welche sich auf der Seite befinden.<br><\/li>\n\n\n\n<li>Die Tyrolit Seite enth\u00e4lt Informationen \u00fcber Produkte und Dienstleistungen, welche nicht zwingend an jedem Ort erh\u00e4ltlich sind. Ein &#8222;Hinweis&#8220; auf bzw. Informationen \u00fcber ein Produkt oder eine Dienstleistung auf einer Tyrolit Seite bedeutet nicht, dass solche Produkte oder Dienstleistungen an Ihrem Ort erh\u00e4ltlich sind.<br><\/li>\n\n\n\n<li>Tyrolit ist nicht f\u00fcr den Inhalt etwaiger verlinkter oder andere damit zusammenh\u00e4ngender Seiten verantwortlich, macht sich deren Inhalt nicht zu eigen und kann deren Inhalt nicht kontrollieren. Der Zugriff auf etwaige Seiten von Drittanbietern untersteht daher Ihrer eigenen Verantwortung und geschieht ohne Einwilligung oder Verantwortlichkeit von Tyrolit.<br><\/li>\n\n\n\n<li>Tyrolit kann diese Bedingungen jederzeit \u00e4ndern, indem sie die ge\u00e4nderten Bedingungen auf der Seite ver\u00f6ffentlicht. Sie sind an solche \u00c4nderungen gebunden und sollten deshalb regelm\u00e4\u00dfig diese Seite besuchen, um die aktuellen Bedingungen zu \u00fcberpr\u00fcfen.\u2028<\/li>\n\n\n\n<li>Editing of this site or parts thereof by third parties not belonging to the Group is prohibited.<br><\/li>\n<\/ul>\n\n\n\n<p>Last update of the Conditions of Use:&nbsp;<strong>April 2018<\/strong><a href=\"https:\/\/www.tyrolit.at\/special-pages\/footermenu\/impressum.html\"><\/a><\/p>","protected":false},"excerpt":{"rendered":"<p>Der Zugang und die Nutzung dieser Website\u00a0www.tyrolit-abrasivegrains.com (&#8222;Seite&#8220;) ist Gegenstand der folgenden Bedingungen und des anwendbaren Rechts. Durch den Zugang zur Seite und Nutzen dieser Seite stimmen Sie diesen Bedingungen der Tyrolit AG, Swarovskistrasse 33, 6130 Schwaz (&#8222;Tyrolit&#8220;) uneingeschr\u00e4nkt und vorbehaltlos zu. Letzte Aktualisierung der Nutzungsbedingungen:&nbsp;April 2018<\/p>","protected":false},"author":1,"featured_media":0,"parent":0,"menu_order":0,"comment_status":"closed","ping_status":"closed","template":"","meta":{"footnotes":""},"class_list":["post-293","page","type-page","status-publish","hentry"],"blocksy_meta":[],"yoast_head":"<!-- This site is optimized with the Yoast SEO plugin v27.4 - https:\/\/yoast.com\/product\/yoast-seo-wordpress\/ -->\n<title>Nutzungsbedingungen - Tyrolit Abrasive Grain<\/title>\n<meta name=\"robots\" content=\"index, follow, max-snippet:-1, max-image-preview:large, max-video-preview:-1\" \/>\n<link rel=\"canonical\" href=\"https:\/\/tyrolit-abrasivegrains.com\/en\/terms-of-use\/\" \/>\n<meta property=\"og:locale\" content=\"en_GB\" \/>\n<meta property=\"og:type\" content=\"article\" \/>\n<meta property=\"og:title\" content=\"Nutzungsbedingungen - Tyrolit Abrasive Grain\" \/>\n<meta property=\"og:description\" content=\"Der Zugang und die Nutzung dieser Website\u00a0www.tyrolit-abrasivegrains.com (&#8222;Seite&#8220;) ist Gegenstand der folgenden Bedingungen und des anwendbaren Rechts. Durch den Zugang zur Seite und Nutzen dieser Seite stimmen Sie diesen Bedingungen der Tyrolit AG, Swarovskistrasse 33, 6130 Schwaz (&#8222;Tyrolit&#8220;) uneingeschr\u00e4nkt und vorbehaltlos zu. Letzte Aktualisierung der Nutzungsbedingungen:&nbsp;April 2018\" \/>\n<meta property=\"og:url\" content=\"https:\/\/tyrolit-abrasivegrains.com\/en\/terms-of-use\/\" \/>\n<meta property=\"og:site_name\" content=\"Tyrolit Abrasive Grain\" \/>\n<meta property=\"article:modified_time\" content=\"2025-11-03T08:42:35+00:00\" \/>\n<meta name=\"twitter:card\" content=\"summary_large_image\" \/>\n<meta name=\"twitter:label1\" content=\"Estimated reading time\" \/>\n\t<meta name=\"twitter:data1\" content=\"5 minutes\" \/>\n<script type=\"application\/ld+json\" class=\"yoast-schema-graph\">{\"@context\":\"https:\\\/\\\/schema.org\",\"@graph\":[{\"@type\":\"WebPage\",\"@id\":\"https:\\\/\\\/tyrolit-abrasivegrains.com\\\/nutzungsbedingungen\\\/\",\"url\":\"https:\\\/\\\/tyrolit-abrasivegrains.com\\\/nutzungsbedingungen\\\/\",\"name\":\"Nutzungsbedingungen - Tyrolit Abrasive Grain\",\"isPartOf\":{\"@id\":\"https:\\\/\\\/tyrolit-abrasivegrains.com\\\/#website\"},\"datePublished\":\"2023-04-12T13:47:46+00:00\",\"dateModified\":\"2025-11-03T08:42:35+00:00\",\"breadcrumb\":{\"@id\":\"https:\\\/\\\/tyrolit-abrasivegrains.com\\\/nutzungsbedingungen\\\/#breadcrumb\"},\"inLanguage\":\"en-GB\",\"potentialAction\":[{\"@type\":\"ReadAction\",\"target\":[\"https:\\\/\\\/tyrolit-abrasivegrains.com\\\/nutzungsbedingungen\\\/\"]}]},{\"@type\":\"BreadcrumbList\",\"@id\":\"https:\\\/\\\/tyrolit-abrasivegrains.com\\\/nutzungsbedingungen\\\/#breadcrumb\",\"itemListElement\":[{\"@type\":\"ListItem\",\"position\":1,\"name\":\"Startseite\",\"item\":\"https:\\\/\\\/tyrolit-abrasivegrains.com\\\/\"},{\"@type\":\"ListItem\",\"position\":2,\"name\":\"Nutzungsbedingungen\"}]},{\"@type\":\"WebSite\",\"@id\":\"https:\\\/\\\/tyrolit-abrasivegrains.com\\\/#website\",\"url\":\"https:\\\/\\\/tyrolit-abrasivegrains.com\\\/\",\"name\":\"Tyrolit Abrasive Grain\",\"description\":\"\",\"publisher\":{\"@id\":\"https:\\\/\\\/tyrolit-abrasivegrains.com\\\/#organization\"},\"potentialAction\":[{\"@type\":\"SearchAction\",\"target\":{\"@type\":\"EntryPoint\",\"urlTemplate\":\"https:\\\/\\\/tyrolit-abrasivegrains.com\\\/?s={search_term_string}\"},\"query-input\":{\"@type\":\"PropertyValueSpecification\",\"valueRequired\":true,\"valueName\":\"search_term_string\"}}],\"inLanguage\":\"en-GB\"},{\"@type\":\"Organization\",\"@id\":\"https:\\\/\\\/tyrolit-abrasivegrains.com\\\/#organization\",\"name\":\"Tyrolit Abrasive Grain\",\"url\":\"https:\\\/\\\/tyrolit-abrasivegrains.com\\\/\",\"logo\":{\"@type\":\"ImageObject\",\"inLanguage\":\"en-GB\",\"@id\":\"https:\\\/\\\/tyrolit-abrasivegrains.com\\\/#\\\/schema\\\/logo\\\/image\\\/\",\"url\":\"https:\\\/\\\/tyrolit-abrasivegrains.com\\\/wp-content\\\/uploads\\\/2023\\\/03\\\/TYROLIT_LOGO_RGB.png\",\"contentUrl\":\"https:\\\/\\\/tyrolit-abrasivegrains.com\\\/wp-content\\\/uploads\\\/2023\\\/03\\\/TYROLIT_LOGO_RGB.png\",\"width\":450,\"height\":185,\"caption\":\"Tyrolit Abrasive Grain\"},\"image\":{\"@id\":\"https:\\\/\\\/tyrolit-abrasivegrains.com\\\/#\\\/schema\\\/logo\\\/image\\\/\"}}]}<\/script>\n<!-- \/ Yoast SEO plugin. -->","yoast_head_json":{"title":"Terms of Use - Tyrolit Abrasive Grain","robots":{"index":"index","follow":"follow","max-snippet":"max-snippet:-1","max-image-preview":"max-image-preview:large","max-video-preview":"max-video-preview:-1"},"canonical":"https:\/\/tyrolit-abrasivegrains.com\/en\/terms-of-use\/","og_locale":"en_GB","og_type":"article","og_title":"Nutzungsbedingungen - Tyrolit Abrasive Grain","og_description":"Der Zugang und die Nutzung dieser Website\u00a0www.tyrolit-abrasivegrains.com (&#8222;Seite&#8220;) ist Gegenstand der folgenden Bedingungen und des anwendbaren Rechts. Durch den Zugang zur Seite und Nutzen dieser Seite stimmen Sie diesen Bedingungen der Tyrolit AG, Swarovskistrasse 33, 6130 Schwaz (&#8222;Tyrolit&#8220;) uneingeschr\u00e4nkt und vorbehaltlos zu. Letzte Aktualisierung der Nutzungsbedingungen:&nbsp;April 2018","og_url":"https:\/\/tyrolit-abrasivegrains.com\/en\/terms-of-use\/","og_site_name":"Tyrolit Abrasive Grain","article_modified_time":"2025-11-03T08:42:35+00:00","twitter_card":"summary_large_image","twitter_misc":{"Estimated reading time":"5 minutes"},"schema":{"@context":"https:\/\/schema.org","@graph":[{"@type":"WebPage","@id":"https:\/\/tyrolit-abrasivegrains.com\/nutzungsbedingungen\/","url":"https:\/\/tyrolit-abrasivegrains.com\/nutzungsbedingungen\/","name":"Terms of Use - Tyrolit Abrasive Grain","isPartOf":{"@id":"https:\/\/tyrolit-abrasivegrains.com\/#website"},"datePublished":"2023-04-12T13:47:46+00:00","dateModified":"2025-11-03T08:42:35+00:00","breadcrumb":{"@id":"https:\/\/tyrolit-abrasivegrains.com\/nutzungsbedingungen\/#breadcrumb"},"inLanguage":"en-GB","potentialAction":[{"@type":"ReadAction","target":["https:\/\/tyrolit-abrasivegrains.com\/nutzungsbedingungen\/"]}]},{"@type":"BreadcrumbList","@id":"https:\/\/tyrolit-abrasivegrains.com\/nutzungsbedingungen\/#breadcrumb","itemListElement":[{"@type":"ListItem","position":1,"name":"Startseite","item":"https:\/\/tyrolit-abrasivegrains.com\/"},{"@type":"ListItem","position":2,"name":"Nutzungsbedingungen"}]},{"@type":"WebSite","@id":"https:\/\/tyrolit-abrasivegrains.com\/#website","url":"https:\/\/tyrolit-abrasivegrains.com\/","name":"Tyrolit Abrasive Grain","description":"","publisher":{"@id":"https:\/\/tyrolit-abrasivegrains.com\/#organization"},"potentialAction":[{"@type":"SearchAction","target":{"@type":"EntryPoint","urlTemplate":"https:\/\/tyrolit-abrasivegrains.com\/?s={search_term_string}"},"query-input":{"@type":"PropertyValueSpecification","valueRequired":true,"valueName":"search_term_string"}}],"inLanguage":"en-GB"},{"@type":"Organization","@id":"https:\/\/tyrolit-abrasivegrains.com\/#organization","name":"Tyrolit Abrasive Grain","url":"https:\/\/tyrolit-abrasivegrains.com\/","logo":{"@type":"ImageObject","inLanguage":"en-GB","@id":"https:\/\/tyrolit-abrasivegrains.com\/#\/schema\/logo\/image\/","url":"https:\/\/tyrolit-abrasivegrains.com\/wp-content\/uploads\/2023\/03\/TYROLIT_LOGO_RGB.png","contentUrl":"https:\/\/tyrolit-abrasivegrains.com\/wp-content\/uploads\/2023\/03\/TYROLIT_LOGO_RGB.png","width":450,"height":185,"caption":"Tyrolit Abrasive Grain"},"image":{"@id":"https:\/\/tyrolit-abrasivegrains.com\/#\/schema\/logo\/image\/"}}]}},"_links":{"self":[{"href":"https:\/\/tyrolit-abrasivegrains.com\/en\/wp-json\/wp\/v2\/pages\/293","targetHints":{"allow":["GET"]}}],"collection":[{"href":"https:\/\/tyrolit-abrasivegrains.com\/en\/wp-json\/wp\/v2\/pages"}],"about":[{"href":"https:\/\/tyrolit-abrasivegrains.com\/en\/wp-json\/wp\/v2\/types\/page"}],"author":[{"embeddable":true,"href":"https:\/\/tyrolit-abrasivegrains.com\/en\/wp-json\/wp\/v2\/users\/1"}],"replies":[{"embeddable":true,"href":"https:\/\/tyrolit-abrasivegrains.com\/en\/wp-json\/wp\/v2\/comments?post=293"}],"version-history":[{"count":3,"href":"https:\/\/tyrolit-abrasivegrains.com\/en\/wp-json\/wp\/v2\/pages\/293\/revisions"}],"predecessor-version":[{"id":390,"href":"https:\/\/tyrolit-abrasivegrains.com\/en\/wp-json\/wp\/v2\/pages\/293\/revisions\/390"}],"wp:attachment":[{"href":"https:\/\/tyrolit-abrasivegrains.com\/en\/wp-json\/wp\/v2\/media?parent=293"}],"curies":[{"name":"wp","href":"https:\/\/api.w.org\/{rel}","templated":true}]}}