{"id":281,"date":"2023-04-12T12:20:11","date_gmt":"2023-04-12T12:20:11","guid":{"rendered":"https:\/\/tyrolit-abrasivegrains.com\/?page_id=281"},"modified":"2025-11-03T08:37:52","modified_gmt":"2025-11-03T08:37:52","slug":"impressum","status":"publish","type":"page","link":"https:\/\/tyrolit-abrasivegrains.com\/en\/impressum\/","title":{"rendered":"Imprint"},"content":{"rendered":"<p>Die Firma Tyrolit AG freut sich \u00fcber Ihren Besuch auf dieser Website und Ihr Interesse an unseren Produkten. Sie werden eventuell um die Angabe pers\u00f6nlicher Informationen gebeten. Die Beantwortung dieser Fragen ist freiwillig. S\u00e4mtliche auf der Website der Tyrolit AG erhobenen pers\u00f6nlichen Daten werden ausschlie\u00dflich zu Ihrer individuellen Betreuung, der \u00dcbersendung von Produktinformationen oder der Unterbreitung von Serviceangeboten gespeichert und verarbeitet. Die Tyrolit AG sichert zu, da\u00df Ihre Angaben entsprechend den geltenden datenschutzrechtlichen Bestimmungen vertraulich behandelt.<\/p>\n\n\n\n<p><br><strong>All rights reserved<br><\/strong>Text, Bilder, Grafiken, Sound, Animationen und Videos sowie deren Anordnung auf den Tyrolit Websites unterliegen dem Schutz des Urheberrechts und anderer Schutzgesetze. Der Inhalt dieser Websites darf nicht zu kommerziellen Zwecken kopiert, verbreitet, ver\u00e4ndert oder Dritten zug\u00e4nglich gemacht werden.<\/p>\n\n\n\n<p><strong>Trademarks<br><\/strong>Soweit nicht anders angegeben, sind alle Markenzeichen auf den Tyrolit Websites markenrechtlich gesch\u00fctzt. Dies gilt insbesondere f\u00fcr Tyrolit Marken, Typenschilder, Firmenlogos und Embleme.<\/p>\n\n\n\n<p><strong>No liability<br><\/strong>Diese Website wurde mit gr\u00f6\u00dftm\u00f6glicher Sorgfalt zusammengestellt. Trotzdem kann die\u00a0Tyrolit AG\u00a0f\u00fcr die Fehlerfreiheit und Genauigkeit der enthaltenen Informationen nicht garantieren. Die\u00a0Tyrolit AG schlie\u00dft jegliche Haftung f\u00fcr Sch\u00e4den, die direkt oder indirekt aus der Benutzung dieser Website entstehen, aus.<\/p>\n\n\n\n<p>Our website also contains links to third-party websites on the Internet. We would like to point out that we have no influence on the design or content of the websites to which links have been included. Neither can we guarantee the currency, correctness, completeness or quality of the information provided therein. In the light of this background, we herewith distance ourselves from the contents of these sites. This declaration applies to all the links on our website which lead to external websites and to the information contained therein.<\/p>\n\n\n\n<p><strong>No licence<br><\/strong>Die Tyrolit AG m\u00f6chte sich Ihnen mit einer innovativen und informativen Website pr\u00e4sentieren. Wir hoffen, da\u00df Sie ebenso wie wir von dieser Website begeistert sind. Das darin enthaltene geistige Eigentum wie Patente, Marken und Urheberrechte ist gesch\u00fctzt. Durch diese Website wird keine Lizenz zur Nutzung des geistigen Eigentums von Tyrolit oder Dritten erteilt.<\/p>\n\n\n\n<p><strong>Google\u00a0Analytics<br><\/strong>This website uses Google Analytics, a web analytics service provided by Google, Inc (\"Google\"). Google Analytics uses \"cookies\", which are text files placed on your computer, to help the website analyse how users use the site. The information generated by the cookie about your use of this website is usually transmitted to a Google server in the USA and stored there. In the event that IP anonymisation is activated on this website, however, your IP address will be truncated beforehand by Google within member states of the European Union or in other contracting states to the Agreement on the European Economic Area. Only in exceptional cases will the full IP address be transmitted to a Google server in the USA and shortened there. On behalf of the operator of this website, Google will use this information for the purpose of evaluating your use of the website, compiling reports on website activity and providing other services relating to website activity and internet usage to the website operator. The IP address transmitted by your browser as part of Google Analytics will not be merged with other Google data. You may refuse the use of cookies by selecting the appropriate settings on your browser, however please note that if you do this you may not be able to use the full functionality of this website. You can also prevent the collection of data generated by the cookie and related to your use of the website (including your IP address) by Google and the processing of this data by Google by clicking on the link below (<a href=\"http:\/\/tools.google.com\/dlpage\/gaoptout?hl=de\" target=\"_blank\" rel=\"noreferrer noopener\">http:\/\/tools.google.com\/dlpage\/gaoptout?hl=de<\/a>) to download and install the available browser plug-in. You can find more information on terms of use and data protection at&nbsp;<a href=\"http:\/\/www.google.com\/analytics\/terms\/gb.html\" target=\"_blank\" rel=\"noreferrer noopener\">http:\/\/www.google.com\/analytics\/terms\/gb.html&nbsp;<\/a>or under<a href=\"http:\/\/www.google.com\/intl\/de\/analytics\/privacyoverview.html\" target=\"_blank\" rel=\"noreferrer noopener\">http:\/\/www.google.com\/intl\/de\/analytics\/privacyoverview.html<\/a>. We would like to point out that on this website Google Analytics has been extended by the code \"gat._anonymizeIp();\" in order to ensure anonymised collection of IP addresses (so-called IP masking).<\/p>\n\n\n\n<p><strong>Information according to the Austrian E-Business Act<\/strong><\/p>\n\n\n\n<p>Inhaber: Tyrolit AG<br>Adress: Swarovskistrasse 33<br>6130 Schwaz<br>Austria<br>Phone: +43 (0) 5242 \/ 606-0<br>Fax: +43 (0) 5242 \/ 63398<br>Firmenbuch-Nummer: FN 454561y<br>UID-Nr.: ATU71283513<br>Gerichtsstand: Landesgericht Innsbruck<br>Stone and ceramics industry division<br>DVR-Nummer: 0003166<\/p>","protected":false},"excerpt":{"rendered":"<p>Die Firma Tyrolit AG freut sich \u00fcber Ihren Besuch auf dieser Website und Ihr Interesse an unseren Produkten. Sie werden eventuell um die Angabe pers\u00f6nlicher Informationen gebeten. Die Beantwortung dieser Fragen ist freiwillig. S\u00e4mtliche auf der Website der Tyrolit AG erhobenen pers\u00f6nlichen Daten werden ausschlie\u00dflich zu Ihrer individuellen Betreuung, der \u00dcbersendung von Produktinformationen oder der [&hellip;]<\/p>\n","protected":false},"author":1,"featured_media":0,"parent":0,"menu_order":0,"comment_status":"closed","ping_status":"closed","template":"","meta":{"footnotes":""},"class_list":["post-281","page","type-page","status-publish","hentry"],"blocksy_meta":[],"yoast_head":"<!-- This site is optimized with the Yoast SEO plugin v27.4 - https:\/\/yoast.com\/product\/yoast-seo-wordpress\/ -->\n<title>Impressum - Tyrolit Abrasive Grain<\/title>\n<meta name=\"robots\" content=\"index, follow, max-snippet:-1, max-image-preview:large, max-video-preview:-1\" \/>\n<link rel=\"canonical\" href=\"https:\/\/tyrolit-abrasivegrains.com\/en\/impressum\/\" \/>\n<meta property=\"og:locale\" content=\"en_GB\" \/>\n<meta property=\"og:type\" content=\"article\" \/>\n<meta property=\"og:title\" content=\"Impressum - Tyrolit Abrasive Grain\" \/>\n<meta property=\"og:description\" content=\"Die Firma Tyrolit AG freut sich \u00fcber Ihren Besuch auf dieser Website und Ihr Interesse an unseren Produkten. Sie werden eventuell um die Angabe pers\u00f6nlicher Informationen gebeten. Die Beantwortung dieser Fragen ist freiwillig. S\u00e4mtliche auf der Website der Tyrolit AG erhobenen pers\u00f6nlichen Daten werden ausschlie\u00dflich zu Ihrer individuellen Betreuung, der \u00dcbersendung von Produktinformationen oder der [&hellip;]\" \/>\n<meta property=\"og:url\" content=\"https:\/\/tyrolit-abrasivegrains.com\/en\/impressum\/\" \/>\n<meta property=\"og:site_name\" content=\"Tyrolit Abrasive Grain\" \/>\n<meta property=\"article:modified_time\" content=\"2025-11-03T08:37:52+00:00\" \/>\n<meta name=\"twitter:card\" content=\"summary_large_image\" \/>\n<meta name=\"twitter:label1\" content=\"Estimated reading time\" \/>\n\t<meta name=\"twitter:data1\" content=\"4 minutes\" \/>\n<script type=\"application\/ld+json\" class=\"yoast-schema-graph\">{\"@context\":\"https:\\\/\\\/schema.org\",\"@graph\":[{\"@type\":\"WebPage\",\"@id\":\"https:\\\/\\\/tyrolit-abrasivegrains.com\\\/impressum\\\/\",\"url\":\"https:\\\/\\\/tyrolit-abrasivegrains.com\\\/impressum\\\/\",\"name\":\"Impressum - Tyrolit Abrasive Grain\",\"isPartOf\":{\"@id\":\"https:\\\/\\\/tyrolit-abrasivegrains.com\\\/#website\"},\"datePublished\":\"2023-04-12T12:20:11+00:00\",\"dateModified\":\"2025-11-03T08:37:52+00:00\",\"breadcrumb\":{\"@id\":\"https:\\\/\\\/tyrolit-abrasivegrains.com\\\/impressum\\\/#breadcrumb\"},\"inLanguage\":\"en-GB\",\"potentialAction\":[{\"@type\":\"ReadAction\",\"target\":[\"https:\\\/\\\/tyrolit-abrasivegrains.com\\\/impressum\\\/\"]}]},{\"@type\":\"BreadcrumbList\",\"@id\":\"https:\\\/\\\/tyrolit-abrasivegrains.com\\\/impressum\\\/#breadcrumb\",\"itemListElement\":[{\"@type\":\"ListItem\",\"position\":1,\"name\":\"Startseite\",\"item\":\"https:\\\/\\\/tyrolit-abrasivegrains.com\\\/\"},{\"@type\":\"ListItem\",\"position\":2,\"name\":\"Impressum\"}]},{\"@type\":\"WebSite\",\"@id\":\"https:\\\/\\\/tyrolit-abrasivegrains.com\\\/#website\",\"url\":\"https:\\\/\\\/tyrolit-abrasivegrains.com\\\/\",\"name\":\"Tyrolit Abrasive Grain\",\"description\":\"\",\"publisher\":{\"@id\":\"https:\\\/\\\/tyrolit-abrasivegrains.com\\\/#organization\"},\"potentialAction\":[{\"@type\":\"SearchAction\",\"target\":{\"@type\":\"EntryPoint\",\"urlTemplate\":\"https:\\\/\\\/tyrolit-abrasivegrains.com\\\/?s={search_term_string}\"},\"query-input\":{\"@type\":\"PropertyValueSpecification\",\"valueRequired\":true,\"valueName\":\"search_term_string\"}}],\"inLanguage\":\"en-GB\"},{\"@type\":\"Organization\",\"@id\":\"https:\\\/\\\/tyrolit-abrasivegrains.com\\\/#organization\",\"name\":\"Tyrolit Abrasive Grain\",\"url\":\"https:\\\/\\\/tyrolit-abrasivegrains.com\\\/\",\"logo\":{\"@type\":\"ImageObject\",\"inLanguage\":\"en-GB\",\"@id\":\"https:\\\/\\\/tyrolit-abrasivegrains.com\\\/#\\\/schema\\\/logo\\\/image\\\/\",\"url\":\"https:\\\/\\\/tyrolit-abrasivegrains.com\\\/wp-content\\\/uploads\\\/2023\\\/03\\\/TYROLIT_LOGO_RGB.png\",\"contentUrl\":\"https:\\\/\\\/tyrolit-abrasivegrains.com\\\/wp-content\\\/uploads\\\/2023\\\/03\\\/TYROLIT_LOGO_RGB.png\",\"width\":450,\"height\":185,\"caption\":\"Tyrolit Abrasive Grain\"},\"image\":{\"@id\":\"https:\\\/\\\/tyrolit-abrasivegrains.com\\\/#\\\/schema\\\/logo\\\/image\\\/\"}}]}<\/script>\n<!-- \/ Yoast SEO plugin. -->","yoast_head_json":{"title":"Impressum - Tyrolit Abrasive Grain","robots":{"index":"index","follow":"follow","max-snippet":"max-snippet:-1","max-image-preview":"max-image-preview:large","max-video-preview":"max-video-preview:-1"},"canonical":"https:\/\/tyrolit-abrasivegrains.com\/en\/impressum\/","og_locale":"en_GB","og_type":"article","og_title":"Impressum - Tyrolit Abrasive Grain","og_description":"Die Firma Tyrolit AG freut sich \u00fcber Ihren Besuch auf dieser Website und Ihr Interesse an unseren Produkten. Sie werden eventuell um die Angabe pers\u00f6nlicher Informationen gebeten. Die Beantwortung dieser Fragen ist freiwillig. S\u00e4mtliche auf der Website der Tyrolit AG erhobenen pers\u00f6nlichen Daten werden ausschlie\u00dflich zu Ihrer individuellen Betreuung, der \u00dcbersendung von Produktinformationen oder der [&hellip;]","og_url":"https:\/\/tyrolit-abrasivegrains.com\/en\/impressum\/","og_site_name":"Tyrolit Abrasive Grain","article_modified_time":"2025-11-03T08:37:52+00:00","twitter_card":"summary_large_image","twitter_misc":{"Estimated reading time":"4 minutes"},"schema":{"@context":"https:\/\/schema.org","@graph":[{"@type":"WebPage","@id":"https:\/\/tyrolit-abrasivegrains.com\/impressum\/","url":"https:\/\/tyrolit-abrasivegrains.com\/impressum\/","name":"Impressum - Tyrolit Abrasive Grain","isPartOf":{"@id":"https:\/\/tyrolit-abrasivegrains.com\/#website"},"datePublished":"2023-04-12T12:20:11+00:00","dateModified":"2025-11-03T08:37:52+00:00","breadcrumb":{"@id":"https:\/\/tyrolit-abrasivegrains.com\/impressum\/#breadcrumb"},"inLanguage":"en-GB","potentialAction":[{"@type":"ReadAction","target":["https:\/\/tyrolit-abrasivegrains.com\/impressum\/"]}]},{"@type":"BreadcrumbList","@id":"https:\/\/tyrolit-abrasivegrains.com\/impressum\/#breadcrumb","itemListElement":[{"@type":"ListItem","position":1,"name":"Startseite","item":"https:\/\/tyrolit-abrasivegrains.com\/"},{"@type":"ListItem","position":2,"name":"Impressum"}]},{"@type":"WebSite","@id":"https:\/\/tyrolit-abrasivegrains.com\/#website","url":"https:\/\/tyrolit-abrasivegrains.com\/","name":"Tyrolit Abrasive Grain","description":"","publisher":{"@id":"https:\/\/tyrolit-abrasivegrains.com\/#organization"},"potentialAction":[{"@type":"SearchAction","target":{"@type":"EntryPoint","urlTemplate":"https:\/\/tyrolit-abrasivegrains.com\/?s={search_term_string}"},"query-input":{"@type":"PropertyValueSpecification","valueRequired":true,"valueName":"search_term_string"}}],"inLanguage":"en-GB"},{"@type":"Organization","@id":"https:\/\/tyrolit-abrasivegrains.com\/#organization","name":"Tyrolit Abrasive Grain","url":"https:\/\/tyrolit-abrasivegrains.com\/","logo":{"@type":"ImageObject","inLanguage":"en-GB","@id":"https:\/\/tyrolit-abrasivegrains.com\/#\/schema\/logo\/image\/","url":"https:\/\/tyrolit-abrasivegrains.com\/wp-content\/uploads\/2023\/03\/TYROLIT_LOGO_RGB.png","contentUrl":"https:\/\/tyrolit-abrasivegrains.com\/wp-content\/uploads\/2023\/03\/TYROLIT_LOGO_RGB.png","width":450,"height":185,"caption":"Tyrolit Abrasive Grain"},"image":{"@id":"https:\/\/tyrolit-abrasivegrains.com\/#\/schema\/logo\/image\/"}}]}},"_links":{"self":[{"href":"https:\/\/tyrolit-abrasivegrains.com\/en\/wp-json\/wp\/v2\/pages\/281","targetHints":{"allow":["GET"]}}],"collection":[{"href":"https:\/\/tyrolit-abrasivegrains.com\/en\/wp-json\/wp\/v2\/pages"}],"about":[{"href":"https:\/\/tyrolit-abrasivegrains.com\/en\/wp-json\/wp\/v2\/types\/page"}],"author":[{"embeddable":true,"href":"https:\/\/tyrolit-abrasivegrains.com\/en\/wp-json\/wp\/v2\/users\/1"}],"replies":[{"embeddable":true,"href":"https:\/\/tyrolit-abrasivegrains.com\/en\/wp-json\/wp\/v2\/comments?post=281"}],"version-history":[{"count":3,"href":"https:\/\/tyrolit-abrasivegrains.com\/en\/wp-json\/wp\/v2\/pages\/281\/revisions"}],"predecessor-version":[{"id":386,"href":"https:\/\/tyrolit-abrasivegrains.com\/en\/wp-json\/wp\/v2\/pages\/281\/revisions\/386"}],"wp:attachment":[{"href":"https:\/\/tyrolit-abrasivegrains.com\/en\/wp-json\/wp\/v2\/media?parent=281"}],"curies":[{"name":"wp","href":"https:\/\/api.w.org\/{rel}","templated":true}]}}